{"id":8,"date":"2026-05-06T00:26:10","date_gmt":"2026-05-06T00:26:10","guid":{"rendered":"https:\/\/muratduymazapple.com.tr\/?page_id=8"},"modified":"2026-05-06T00:26:10","modified_gmt":"2026-05-06T00:26:10","slug":"cart","status":"publish","type":"page","link":"https:\/\/muratduymazapple.com.tr\/?page_id=8","title":{"rendered":"Cart"},"content":{"rendered":"\n<div data-block-name=\"woocommerce\/cart\" class=\"wp-block-woocommerce-cart alignwide is-loading\">\n<div data-block-name=\"woocommerce\/filled-cart-block\" class=\"wp-block-woocommerce-filled-cart-block\">\n<div data-block-name=\"woocommerce\/cart-items-block\" class=\"wp-block-woocommerce-cart-items-block\">\n<div data-block-name=\"woocommerce\/cart-line-items-block\" class=\"wp-block-woocommerce-cart-line-items-block\"><\/div>\n\n\n<\/div>\n\n\n\n\n<div data-block-name=\"woocommerce\/cart-totals-block\" class=\"wp-block-woocommerce-cart-totals-block\">\n<div data-block-name=\"woocommerce\/cart-order-summary-block\" class=\"wp-block-woocommerce-cart-order-summary-block\">\n<div data-block-name=\"woocommerce\/cart-order-summary-heading-block\" class=\"wp-block-woocommerce-cart-order-summary-heading-block\"><\/div><div data-block-name=\"woocommerce\/cart-order-summary-coupon-form-block\" class=\"wp-block-woocommerce-cart-order-summary-coupon-form-block\"><\/div><div data-block-name=\"woocommerce\/cart-order-summary-totals-block\" class=\"wp-block-woocommerce-cart-order-summary-totals-block\">\n<div data-block-name=\"woocommerce\/cart-order-summary-subtotal-block\" class=\"wp-block-woocommerce-cart-order-summary-subtotal-block\"><\/div>\n<div data-block-name=\"woocommerce\/cart-order-summary-discount-block\" class=\"wp-block-woocommerce-cart-order-summary-discount-block\"><\/div>\n<div data-block-name=\"woocommerce\/cart-order-summary-fee-block\" class=\"wp-block-woocommerce-cart-order-summary-fee-block\"><\/div>\n<div data-block-name=\"woocommerce\/cart-order-summary-shipping-block\" class=\"wp-block-woocommerce-cart-order-summary-shipping-block\"><\/div>\n<div data-block-name=\"woocommerce\/cart-order-summary-taxes-block\" class=\"wp-block-woocommerce-cart-order-summary-taxes-block\"><\/div><\/div>\n<\/div>\n\n\n\n<div data-block-name=\"woocommerce\/cart-express-payment-block\" class=\"wp-block-woocommerce-cart-express-payment-block\"><\/div>\n\n\n\n<div data-block-name=\"woocommerce\/proceed-to-checkout-block\" class=\"wp-block-woocommerce-proceed-to-checkout-block\"><\/div>\n\n\n\n<div data-block-name=\"woocommerce\/cart-accepted-payment-methods-block\" class=\"wp-block-woocommerce-cart-accepted-payment-methods-block\"><\/div>\n<\/div>\n<\/div>\n\n\n\n<div data-block-name=\"woocommerce\/empty-cart-block\" class=\"wp-block-woocommerce-empty-cart-block\">\n<h2 class=\"wp-block-heading has-text-align-center with-empty-cart-icon wc-block-cart__empty-cart__title\">Your cart is currently empty!<\/h2>\n\n\n\n<hr class=\"wp-block-separator has-alpha-channel-opacity is-style-dots\"\/>\n\n\n\n<h2 class=\"wp-block-heading has-text-align-center\">New in store<\/h2>\n\n\n<div data-block-name=\"woocommerce\/product-new\" data-columns=\"4\" data-rows=\"1\" class=\"wc-block-grid wp-block-product-new wp-block-woocommerce-product-new wc-block-product-new has-4-columns\"><ul class=\"wc-block-grid__products\"><li class=\"wc-block-grid__product\">\n\t\t\t\t<a href=\"https:\/\/muratduymazapple.com.tr\/?product=jbl-tune-510bt-wireless-on-ear-head-phones-blue\" class=\"wc-block-grid__product-link\">\n\t\t\t\t\t<div class=\"wc-block-grid__product-onsale\">\n\t\t\t<span aria-hidden=\"true\">\u0130ndirim<\/span>\n\t\t\t<span class=\"screen-reader-text\">\u0130ndirimdeki \u00fcr\u00fcn<\/span>\n\t\t<\/div>\n\t\t\t\t\t<div class=\"wc-block-grid__product-image\"><img fetchpriority=\"high\" decoding=\"async\" width=\"300\" height=\"300\" src=\"https:\/\/muratduymazapple.com.tr\/wp-content\/uploads\/2022\/09\/headphone-2-300x300.png\" class=\"attachment-woocommerce_thumbnail size-woocommerce_thumbnail\" alt=\"JBL Tune 510BT Wireless On-Ear Head phones Blue\" srcset=\"https:\/\/muratduymazapple.com.tr\/wp-content\/uploads\/2022\/09\/headphone-2-300x300.png 300w, https:\/\/muratduymazapple.com.tr\/wp-content\/uploads\/2022\/09\/headphone-2-100x100.png 100w, https:\/\/muratduymazapple.com.tr\/wp-content\/uploads\/2022\/09\/headphone-2-600x600.png 600w, https:\/\/muratduymazapple.com.tr\/wp-content\/uploads\/2022\/09\/headphone-2-150x150.png 150w, https:\/\/muratduymazapple.com.tr\/wp-content\/uploads\/2022\/09\/headphone-2-768x768.png 768w, https:\/\/muratduymazapple.com.tr\/wp-content\/uploads\/2022\/09\/headphone-2-50x50.png 50w, https:\/\/muratduymazapple.com.tr\/wp-content\/uploads\/2022\/09\/headphone-2.png 800w\" sizes=\"(max-width: 300px) 100vw, 300px\" \/><\/div>\n\t\t\t\t\t<div class=\"wc-block-grid__product-title\">JBL Tune 510BT Wireless On-Ear Head phones Blue<\/div>\n\t\t\t\t<\/a>\n\t\t\t\t<div class=\"wc-block-grid__product-price price\"><del aria-hidden=\"true\"><span class=\"woocommerce-Price-amount amount\"><span class=\"woocommerce-Price-currencySymbol\">&#8378;<\/span>69,00<\/span><\/del> <span class=\"screen-reader-text\">Orijinal fiyat: &#8378;69,00.<\/span><ins aria-hidden=\"true\"><span class=\"woocommerce-Price-amount amount\"><span class=\"woocommerce-Price-currencySymbol\">&#8378;<\/span>59,00<\/span><\/ins><span class=\"screen-reader-text\">\u015eu andaki fiyat: &#8378;59,00.<\/span><\/div>\n\t\t\t\t<div class=\"wc-block-grid__product-rating\"><div class=\"star-rating\" role=\"img\" aria-label=\"5 \u00fczerinden 5.00 oy ald\u0131\"><span style=\"width:100%\"><span class=\"rating\">1<\/span> m\u00fc\u015fteri puan\u0131na dayanarak 5 \u00fczerinden <strong class=\"rating\">5.00<\/strong> puan ald\u0131<\/span><\/div><\/div>\n\t\t\t\t<div class=\"wp-block-button wc-block-grid__product-add-to-cart\"><a href=\"\/index.php?rest_route=%2Fwp%2Fv2%2Fpages%2F8&#038;add-to-cart=884\" aria-label=\"Sepete ekle: \u201cJBL Tune 510BT Wireless On-Ear Head phones Blue\u201d\" data-quantity=\"1\" data-product_id=\"884\" data-product_sku=\"viando-sku-001\" data-price=\"59\" rel=\"nofollow\" class=\"wp-block-button__link  add_to_cart_button ajax_add_to_cart\">Sepete Ekle<\/a><\/div>\n\t\t\t\t<a\r\n\t\thref=\"https:\/\/muratduymazapple.com.tr?action=yith-woocompare-add-product&#038;id=884\"\r\n\t\tclass=\"compare button  \"\r\n\t\tdata-product_id=\"884\"\r\n\t\ttarget=\"_self\"\r\n\t\trel=\"nofollow\"\r\n\t>\r\n\t\t\t\t<span class=\"label\">\r\n\t\t\tKar\u015f\u0131la\u015ft\u0131r\t\t<\/span>\r\n\t<\/a>\r\n<\/li><li class=\"wc-block-grid__product\">\n\t\t\t\t<a href=\"https:\/\/muratduymazapple.com.tr\/?product=apple-iphone-12-pro-128gb-pacific-blue-unlocked\" class=\"wc-block-grid__product-link\">\n\t\t\t\t\t<div class=\"wc-block-grid__product-onsale\">\n\t\t\t<span aria-hidden=\"true\">\u0130ndirim<\/span>\n\t\t\t<span class=\"screen-reader-text\">\u0130ndirimdeki \u00fcr\u00fcn<\/span>\n\t\t<\/div>\n\t\t\t\t\t<div class=\"wc-block-grid__product-image\"><img decoding=\"async\" width=\"300\" height=\"300\" src=\"https:\/\/muratduymazapple.com.tr\/wp-content\/uploads\/2022\/09\/iphone-300x300.png\" class=\"attachment-woocommerce_thumbnail size-woocommerce_thumbnail\" alt=\"Apple iPhone 12 Pro, 128GB, Pacific Blue Unlocked\" srcset=\"https:\/\/muratduymazapple.com.tr\/wp-content\/uploads\/2022\/09\/iphone-300x300.png 300w, https:\/\/muratduymazapple.com.tr\/wp-content\/uploads\/2022\/09\/iphone-100x100.png 100w, https:\/\/muratduymazapple.com.tr\/wp-content\/uploads\/2022\/09\/iphone-600x600.png 600w, https:\/\/muratduymazapple.com.tr\/wp-content\/uploads\/2022\/09\/iphone-150x150.png 150w, https:\/\/muratduymazapple.com.tr\/wp-content\/uploads\/2022\/09\/iphone-768x768.png 768w, https:\/\/muratduymazapple.com.tr\/wp-content\/uploads\/2022\/09\/iphone-50x50.png 50w, https:\/\/muratduymazapple.com.tr\/wp-content\/uploads\/2022\/09\/iphone.png 800w\" sizes=\"(max-width: 300px) 100vw, 300px\" \/><\/div>\n\t\t\t\t\t<div class=\"wc-block-grid__product-title\">Apple iPhone 12 Pro, 128GB, Pacific Blue Unlocked<\/div>\n\t\t\t\t<\/a>\n\t\t\t\t<div class=\"wc-block-grid__product-price price\"><del aria-hidden=\"true\"><span class=\"woocommerce-Price-amount amount\"><span class=\"woocommerce-Price-currencySymbol\">&#8378;<\/span>69,00<\/span><\/del> <span class=\"screen-reader-text\">Orijinal fiyat: &#8378;69,00.<\/span><ins aria-hidden=\"true\"><span class=\"woocommerce-Price-amount amount\"><span class=\"woocommerce-Price-currencySymbol\">&#8378;<\/span>59,00<\/span><\/ins><span class=\"screen-reader-text\">\u015eu andaki fiyat: &#8378;59,00.<\/span><\/div>\n\t\t\t\t<div class=\"wc-block-grid__product-rating\"><div class=\"star-rating\" role=\"img\" aria-label=\"5 \u00fczerinden 5.00 oy ald\u0131\"><span style=\"width:100%\"><span class=\"rating\">1<\/span> m\u00fc\u015fteri puan\u0131na dayanarak 5 \u00fczerinden <strong class=\"rating\">5.00<\/strong> puan ald\u0131<\/span><\/div><\/div>\n\t\t\t\t<div class=\"wp-block-button wc-block-grid__product-add-to-cart\"><a href=\"\/index.php?rest_route=%2Fwp%2Fv2%2Fpages%2F8&#038;add-to-cart=881\" aria-label=\"Sepete ekle: \u201cApple iPhone 12 Pro, 128GB, Pacific Blue Unlocked\u201d\" data-quantity=\"1\" data-product_id=\"881\" data-product_sku=\"viando-sku-002\" data-price=\"59\" rel=\"nofollow\" class=\"wp-block-button__link  add_to_cart_button ajax_add_to_cart\">Sepete Ekle<\/a><\/div>\n\t\t\t\t<a\r\n\t\thref=\"https:\/\/muratduymazapple.com.tr?action=yith-woocompare-add-product&#038;id=881\"\r\n\t\tclass=\"compare button  \"\r\n\t\tdata-product_id=\"881\"\r\n\t\ttarget=\"_self\"\r\n\t\trel=\"nofollow\"\r\n\t>\r\n\t\t\t\t<span class=\"label\">\r\n\t\t\tKar\u015f\u0131la\u015ft\u0131r\t\t<\/span>\r\n\t<\/a>\r\n<\/li><li class=\"wc-block-grid__product\">\n\t\t\t\t<a href=\"https:\/\/muratduymazapple.com.tr\/?product=air-purifier-for-home-allergies-pets-hair-in-bedroom\" class=\"wc-block-grid__product-link\">\n\t\t\t\t\t<div class=\"wc-block-grid__product-onsale\">\n\t\t\t<span aria-hidden=\"true\">\u0130ndirim<\/span>\n\t\t\t<span class=\"screen-reader-text\">\u0130ndirimdeki \u00fcr\u00fcn<\/span>\n\t\t<\/div>\n\t\t\t\t\t<div class=\"wc-block-grid__product-image\"><img decoding=\"async\" width=\"300\" height=\"300\" src=\"https:\/\/muratduymazapple.com.tr\/wp-content\/uploads\/2022\/09\/purifire-300x300.png\" class=\"attachment-woocommerce_thumbnail size-woocommerce_thumbnail\" alt=\"Air Purifier for Home Allergies Pets Hair in Bedroom\" srcset=\"https:\/\/muratduymazapple.com.tr\/wp-content\/uploads\/2022\/09\/purifire-300x300.png 300w, https:\/\/muratduymazapple.com.tr\/wp-content\/uploads\/2022\/09\/purifire-100x100.png 100w, https:\/\/muratduymazapple.com.tr\/wp-content\/uploads\/2022\/09\/purifire-600x600.png 600w, https:\/\/muratduymazapple.com.tr\/wp-content\/uploads\/2022\/09\/purifire-150x150.png 150w, https:\/\/muratduymazapple.com.tr\/wp-content\/uploads\/2022\/09\/purifire-768x768.png 768w, https:\/\/muratduymazapple.com.tr\/wp-content\/uploads\/2022\/09\/purifire-50x50.png 50w, https:\/\/muratduymazapple.com.tr\/wp-content\/uploads\/2022\/09\/purifire.png 800w\" sizes=\"(max-width: 300px) 100vw, 300px\" \/><\/div>\n\t\t\t\t\t<div class=\"wc-block-grid__product-title\">Air Purifier for Home Allergies Pets Hair in Bedroom<\/div>\n\t\t\t\t<\/a>\n\t\t\t\t<div class=\"wc-block-grid__product-price price\"><del aria-hidden=\"true\"><span class=\"woocommerce-Price-amount amount\"><span class=\"woocommerce-Price-currencySymbol\">&#8378;<\/span>69,00<\/span><\/del> <span class=\"screen-reader-text\">Orijinal fiyat: &#8378;69,00.<\/span><ins aria-hidden=\"true\"><span class=\"woocommerce-Price-amount amount\"><span class=\"woocommerce-Price-currencySymbol\">&#8378;<\/span>59,00<\/span><\/ins><span class=\"screen-reader-text\">\u015eu andaki fiyat: &#8378;59,00.<\/span><\/div>\n\t\t\t\t<div class=\"wc-block-grid__product-rating\"><div class=\"star-rating\" role=\"img\" aria-label=\"5 \u00fczerinden 4.00 oy ald\u0131\"><span style=\"width:80%\"><span class=\"rating\">1<\/span> m\u00fc\u015fteri puan\u0131na dayanarak 5 \u00fczerinden <strong class=\"rating\">4.00<\/strong> puan ald\u0131<\/span><\/div><\/div>\n\t\t\t\t<div class=\"wp-block-button wc-block-grid__product-add-to-cart\"><a href=\"\/index.php?rest_route=%2Fwp%2Fv2%2Fpages%2F8&#038;add-to-cart=880\" aria-label=\"Sepete ekle: \u201cAir Purifier for Home Allergies Pets Hair in Bedroom\u201d\" data-quantity=\"1\" data-product_id=\"880\" data-product_sku=\"viando-sku-003\" data-price=\"59\" rel=\"nofollow\" class=\"wp-block-button__link  add_to_cart_button ajax_add_to_cart\">Sepete Ekle<\/a><\/div>\n\t\t\t\t<a\r\n\t\thref=\"https:\/\/muratduymazapple.com.tr?action=yith-woocompare-add-product&#038;id=880\"\r\n\t\tclass=\"compare button  \"\r\n\t\tdata-product_id=\"880\"\r\n\t\ttarget=\"_self\"\r\n\t\trel=\"nofollow\"\r\n\t>\r\n\t\t\t\t<span class=\"label\">\r\n\t\t\tKar\u015f\u0131la\u015ft\u0131r\t\t<\/span>\r\n\t<\/a>\r\n<\/li><li class=\"wc-block-grid__product\">\n\t\t\t\t<a href=\"https:\/\/muratduymazapple.com.tr\/?product=tp-link-smart-wifi-router-wireless-internet-router\" class=\"wc-block-grid__product-link\">\n\t\t\t\t\t<div class=\"wc-block-grid__product-onsale\">\n\t\t\t<span aria-hidden=\"true\">\u0130ndirim<\/span>\n\t\t\t<span class=\"screen-reader-text\">\u0130ndirimdeki \u00fcr\u00fcn<\/span>\n\t\t<\/div>\n\t\t\t\t\t<div class=\"wc-block-grid__product-image\"><img loading=\"lazy\" decoding=\"async\" width=\"300\" height=\"300\" src=\"https:\/\/muratduymazapple.com.tr\/wp-content\/uploads\/2022\/09\/router-300x300.png\" class=\"attachment-woocommerce_thumbnail size-woocommerce_thumbnail\" alt=\"TP-Link Smart WiFi Router Wireless Internet Router\" srcset=\"https:\/\/muratduymazapple.com.tr\/wp-content\/uploads\/2022\/09\/router-300x300.png 300w, https:\/\/muratduymazapple.com.tr\/wp-content\/uploads\/2022\/09\/router-100x100.png 100w, https:\/\/muratduymazapple.com.tr\/wp-content\/uploads\/2022\/09\/router-600x600.png 600w, https:\/\/muratduymazapple.com.tr\/wp-content\/uploads\/2022\/09\/router-150x150.png 150w, https:\/\/muratduymazapple.com.tr\/wp-content\/uploads\/2022\/09\/router-768x768.png 768w, https:\/\/muratduymazapple.com.tr\/wp-content\/uploads\/2022\/09\/router-50x50.png 50w, https:\/\/muratduymazapple.com.tr\/wp-content\/uploads\/2022\/09\/router.png 800w\" sizes=\"(max-width: 300px) 100vw, 300px\" \/><\/div>\n\t\t\t\t\t<div class=\"wc-block-grid__product-title\">TP-Link Smart WiFi Router Wireless Internet Router<\/div>\n\t\t\t\t<\/a>\n\t\t\t\t<div class=\"wc-block-grid__product-price price\"><del aria-hidden=\"true\"><span class=\"woocommerce-Price-amount amount\"><span class=\"woocommerce-Price-currencySymbol\">&#8378;<\/span>69,00<\/span><\/del> <span class=\"screen-reader-text\">Orijinal fiyat: &#8378;69,00.<\/span><ins aria-hidden=\"true\"><span class=\"woocommerce-Price-amount amount\"><span class=\"woocommerce-Price-currencySymbol\">&#8378;<\/span>59,00<\/span><\/ins><span class=\"screen-reader-text\">\u015eu andaki fiyat: &#8378;59,00.<\/span><\/div>\n\t\t\t\t<div class=\"wc-block-grid__product-rating\"><div class=\"star-rating\" role=\"img\" aria-label=\"5 \u00fczerinden 5.00 oy ald\u0131\"><span style=\"width:100%\"><span class=\"rating\">1<\/span> m\u00fc\u015fteri puan\u0131na dayanarak 5 \u00fczerinden <strong class=\"rating\">5.00<\/strong> puan ald\u0131<\/span><\/div><\/div>\n\t\t\t\t<div class=\"wp-block-button wc-block-grid__product-add-to-cart\"><a href=\"\/index.php?rest_route=%2Fwp%2Fv2%2Fpages%2F8&#038;add-to-cart=714\" aria-label=\"Sepete ekle: \u201cTP-Link Smart WiFi Router Wireless Internet Router\u201d\" data-quantity=\"1\" data-product_id=\"714\" data-product_sku=\"viando-sku-004\" data-price=\"59\" rel=\"nofollow\" class=\"wp-block-button__link  add_to_cart_button ajax_add_to_cart\">Sepete Ekle<\/a><\/div>\n\t\t\t\t<a\r\n\t\thref=\"https:\/\/muratduymazapple.com.tr?action=yith-woocompare-add-product&#038;id=714\"\r\n\t\tclass=\"compare button  \"\r\n\t\tdata-product_id=\"714\"\r\n\t\ttarget=\"_self\"\r\n\t\trel=\"nofollow\"\r\n\t>\r\n\t\t\t\t<span class=\"label\">\r\n\t\t\tKar\u015f\u0131la\u015ft\u0131r\t\t<\/span>\r\n\t<\/a>\r\n<\/li><\/ul><\/div><\/div>\n<\/div>\n","protected":false},"excerpt":{"rendered":"","protected":false},"author":1,"featured_media":0,"parent":0,"menu_order":0,"comment_status":"closed","ping_status":"closed","template":"","meta":{"footnotes":""},"class_list":["post-8","page","type-page","status-publish","hentry"],"jetpack_sharing_enabled":true,"_links":{"self":[{"href":"https:\/\/muratduymazapple.com.tr\/index.php?rest_route=\/wp\/v2\/pages\/8","targetHints":{"allow":["GET"]}}],"collection":[{"href":"https:\/\/muratduymazapple.com.tr\/index.php?rest_route=\/wp\/v2\/pages"}],"about":[{"href":"https:\/\/muratduymazapple.com.tr\/index.php?rest_route=\/wp\/v2\/types\/page"}],"author":[{"embeddable":true,"href":"https:\/\/muratduymazapple.com.tr\/index.php?rest_route=\/wp\/v2\/users\/1"}],"replies":[{"embeddable":true,"href":"https:\/\/muratduymazapple.com.tr\/index.php?rest_route=%2Fwp%2Fv2%2Fcomments&post=8"}],"version-history":[{"count":0,"href":"https:\/\/muratduymazapple.com.tr\/index.php?rest_route=\/wp\/v2\/pages\/8\/revisions"}],"wp:attachment":[{"href":"https:\/\/muratduymazapple.com.tr\/index.php?rest_route=%2Fwp%2Fv2%2Fmedia&parent=8"}],"curies":[{"name":"wp","href":"https:\/\/api.w.org\/{rel}","templated":true}]}}